{"id":1852,"date":"2021-08-24T11:23:11","date_gmt":"2021-08-24T11:23:11","guid":{"rendered":"https:\/\/oblo-demo.bslthemes.com\/?page_id=1852"},"modified":"2025-11-16T21:54:48","modified_gmt":"2025-11-16T20:54:48","slug":"about-one","status":"publish","type":"page","link":"https:\/\/outfluencer.pl\/index.php\/about-one\/","title":{"rendered":"O mnie"},"content":{"rendered":"\t\t<div data-elementor-type=\"wp-page\" data-elementor-id=\"1852\" class=\"elementor elementor-1852\">\n\t\t\t\t\t\t<section class=\"elementor-section elementor-top-section elementor-element elementor-element-6784368 elementor-section-full_width elementor-section-height-default elementor-section-height-default\" data-id=\"6784368\" data-element_type=\"section\">\n\t\t\t\t\t\t<div class=\"elementor-container elementor-column-gap-default\">\n\t\t\t\t\t<div class=\"elementor-column elementor-col-100 elementor-top-column elementor-element elementor-element-43f1002\" data-id=\"43f1002\" data-element_type=\"column\">\n\t\t\t<div class=\"elementor-widget-wrap elementor-element-populated\">\n\t\t\t\t\t\t<div class=\"elementor-element elementor-element-1d4b222 elementor-widget elementor-widget-oblo-hero-image\" data-id=\"1d4b222\" data-element_type=\"widget\" data-widget_type=\"oblo-hero-image.default\">\n\t\t\t\t<div class=\"elementor-widget-container\">\n\t\t\t\t\t\n\t\t<!-- Section Hero Started -->\n\t\t<div class=\"section hero-started\" data-dispimgpath=\"https:\/\/outfluencer.pl\/wp-content\/themes\/oblo\/assets\/images\/pointilize.jpg\">\n\t\t\t\t\t\t<!-- slide -->\n\t\t\t<div class=\"slide\"><img decoding=\"async\" src=\"https:\/\/outfluencer.pl\/wp-content\/uploads\/2025\/11\/OUTFLUENCER-KONTAKT-1800x1080.jpg\" class=\"started-item__image\" alt=\"\" \/><\/div>\n\t\t\t<div class=\"canvas started-items__image\" data-top=\"top: 0px;\" data-top-bottom=\"top: -200px;\"><\/div>\n\t\t\t\n\t\t\t<div class=\"container\">\n\n\t\t\t\t<!-- titles -->\n\t\t\t\t<div class=\"titles\">\n\t\t\t\t\t\t\t\t\t\t<div class=\"title splitting-text-anim-1 scroll-animate\" data-splitting=\"chars\" data-animate=\"active\">\n\t\t\t\t\t\t<span >\n\t\t\t\t\t\t\tO MNIE\t\t\t\t\t\t<\/span>\n\t\t\t\t\t<\/div>\n\t\t\t\t\t\t\t\t\t\t\t\t\t\t\t<div class=\"subtitle splitting-text-anim-2 scroll-animate\" data-splitting=\"chars\" data-animate=\"active\">\n\t\t\t\t\t\t<span >\n\t\t\t\t\t\t\tMICHA\u0141 ZABOROWSKI \t\t\t\t\t\t<\/span>\n\t\t\t\t\t<\/div>\n\t\t\t\t\t\t\t\t\t<\/div>\n\n\t\t\t<\/div>\n\n\t\t<\/div>\n\n\t\t\t\t\t\t<\/div>\n\t\t\t\t<\/div>\n\t\t\t\t\t<\/div>\n\t\t<\/div>\n\t\t\t\t\t<\/div>\n\t\t<\/section>\n\t\t\t\t<section class=\"elementor-section elementor-top-section elementor-element elementor-element-f874b6c elementor-section-full_width elementor-section-height-default elementor-section-height-default\" data-id=\"f874b6c\" data-element_type=\"section\">\n\t\t\t\t\t\t<div class=\"elementor-container elementor-column-gap-no\">\n\t\t\t\t\t<div class=\"elementor-column elementor-col-100 elementor-top-column elementor-element elementor-element-a48fc7b\" data-id=\"a48fc7b\" data-element_type=\"column\">\n\t\t\t<div class=\"elementor-widget-wrap elementor-element-populated\">\n\t\t\t\t\t\t<section class=\"elementor-section elementor-inner-section elementor-element elementor-element-a29819a elementor-section-full_width elementor-section-height-default elementor-section-height-default\" data-id=\"a29819a\" data-element_type=\"section\">\n\t\t\t\t\t\t<div class=\"elementor-container elementor-column-gap-custom\">\n\t\t\t\t\t<div class=\"elementor-column elementor-col-100 elementor-inner-column elementor-element elementor-element-9e814e1\" data-id=\"9e814e1\" data-element_type=\"column\">\n\t\t\t<div class=\"elementor-widget-wrap elementor-element-populated\">\n\t\t\t\t\t\t<div class=\"elementor-element elementor-element-a1bf68f elementor-widget elementor-widget-text-editor\" data-id=\"a1bf68f\" data-element_type=\"widget\" data-widget_type=\"text-editor.default\">\n\t\t\t\t\t\t\t\t\t<p>KIM JEST OUTFLUENCER<\/p>\t\t\t\t\t\t\t\t<\/div>\n\t\t\t\t\t<\/div>\n\t\t<\/div>\n\t\t\t\t\t<\/div>\n\t\t<\/section>\n\t\t\t\t<section class=\"elementor-section elementor-inner-section elementor-element elementor-element-365cde8 elementor-section-full_width elementor-section-height-default elementor-section-height-default\" data-id=\"365cde8\" data-element_type=\"section\">\n\t\t\t\t\t\t<div class=\"elementor-container elementor-column-gap-custom\">\n\t\t\t\t\t<div class=\"elementor-column elementor-col-50 elementor-inner-column elementor-element elementor-element-514daf3\" data-id=\"514daf3\" data-element_type=\"column\">\n\t\t\t<div class=\"elementor-widget-wrap elementor-element-populated\">\n\t\t\t\t\t\t<div class=\"elementor-element elementor-element-e737ca9 scrolla-element-anim-1 scroll-animate elementor-widget elementor-widget-text-editor\" data-id=\"e737ca9\" data-element_type=\"widget\" data-widget_type=\"text-editor.default\">\n\t\t\t\t\t\t\t\t\t<p>\u00a0Kiedy w 2019 dzia\u0142a\u0142em w reklamie bran\u017cy spo\u017cywczej, stworzy\u0142em okre\u015blenie <span style=\"color: #ff6600;\"><strong>outfluencera<\/strong><\/span>\u00a0jako kontr\u0119 do klasycznych influencer\u00f3w. Zgodnie z przedrostkiem, idea zak\u0142ada\u0142a <strong>wychodzenie<\/strong> &#8211; do ludzi, by skutecznie dociera\u0107 do odbiorc\u00f3w i <strong>poza schematy<\/strong>, by robi\u0107 to nieszablonowo, zaskakuj\u0105co i wykorzystuj\u0105c nieoczywiste narz\u0119dzia. Par\u0119 lat p\u00f3\u017aniej okaza\u0142o si\u0119, \u017ce poj\u0119cie to wesz\u0142o do u\u017cycia w krajach angielskoj\u0119zycznych i w du\u017cej mierze obejmuje podobne zagadnienia. Mo\u017cna powiedzie\u0107, \u017ce <strong>wysz\u0142o<\/strong> na moje.<\/p>\t\t\t\t\t\t\t\t<\/div>\n\t\t\t\t\t<\/div>\n\t\t<\/div>\n\t\t\t\t<div class=\"elementor-column elementor-col-50 elementor-inner-column elementor-element elementor-element-64b5a91\" data-id=\"64b5a91\" data-element_type=\"column\">\n\t\t\t<div class=\"elementor-widget-wrap elementor-element-populated\">\n\t\t\t\t\t\t<div class=\"elementor-element elementor-element-843d85d scrolla-element-anim-1 scroll-animate elementor-widget elementor-widget-text-editor\" data-id=\"843d85d\" data-element_type=\"widget\" data-widget_type=\"text-editor.default\">\n\t\t\t\t\t\t\t\t\t<p>Dzi\u015b spe\u0142niam si\u0119 jako tw\u00f3rca cyfrowy &#8211; na co dzie\u0144 odpowiadaj\u0105c za marketing wizualny Politechniki Bydgoskiej. I dalej stawiam na niestandardowe tre\u015bci, metody i osi\u0105gane efekty. Chce trafia\u0107 do odbiorc\u00f3w tak, by nie tylko sprzeda\u0107 produkt, pomys\u0142 czy wydarzenie, ale przede wszystkim opowiedzie\u0107 histori\u0119. Zw\u0142aszcza poprzez materia\u0142y filmowe &#8211; jako <strong>re\u017cyser, scenarzysta,\u00a0 operator obrazu i monta\u017cysta<\/strong>. Na \u015bwiecie obrazu moje dzia\u0142ania si\u0119 nie ko\u0144cz\u0105. Jestem te\u017c <strong>copywriterem<\/strong> i autorem tekst\u00f3w. Prowadz\u0119 tak\u017ce warsztaty i wyk\u0142ady tematyczne, zajmuj\u0105c si\u0119 m.in. popularyzacj\u0105 nauki.<\/p>\t\t\t\t\t\t\t\t<\/div>\n\t\t\t\t\t<\/div>\n\t\t<\/div>\n\t\t\t\t\t<\/div>\n\t\t<\/section>\n\t\t\t\t\t<\/div>\n\t\t<\/div>\n\t\t\t\t\t<\/div>\n\t\t<\/section>\n\t\t\t\t<section class=\"elementor-section elementor-top-section elementor-element elementor-element-800b9ab elementor-section-full_width elementor-section-height-default elementor-section-height-default\" data-id=\"800b9ab\" data-element_type=\"section\">\n\t\t\t\t\t\t<div class=\"elementor-container elementor-column-gap-no\">\n\t\t\t\t\t<div class=\"elementor-column elementor-col-100 elementor-top-column elementor-element elementor-element-8bdac07\" data-id=\"8bdac07\" data-element_type=\"column\">\n\t\t\t<div class=\"elementor-widget-wrap elementor-element-populated\">\n\t\t\t\t\t\t<section class=\"elementor-section elementor-inner-section elementor-element elementor-element-c3ffdbb elementor-section-full_width elementor-section-height-default elementor-section-height-default\" data-id=\"c3ffdbb\" data-element_type=\"section\">\n\t\t\t\t\t\t<div class=\"elementor-container elementor-column-gap-custom\">\n\t\t\t\t\t<div class=\"elementor-column elementor-col-50 elementor-inner-column elementor-element elementor-element-966fcc2\" data-id=\"966fcc2\" data-element_type=\"column\">\n\t\t\t<div class=\"elementor-widget-wrap elementor-element-populated\">\n\t\t\t\t\t\t<div class=\"elementor-element elementor-element-3941197 elementor-widget elementor-widget-image\" data-id=\"3941197\" data-element_type=\"widget\" data-widget_type=\"image.default\">\n\t\t\t\t\t\t\t\t\t\t\t\t\t\t\t<img fetchpriority=\"high\" decoding=\"async\" width=\"768\" height=\"1152\" src=\"https:\/\/outfluencer.pl\/wp-content\/uploads\/2025\/11\/Michal-Zaborowski_Outfluencer-768x1152.jpg\" class=\"attachment-medium_large size-medium_large wp-image-2462\" alt=\"\" srcset=\"https:\/\/outfluencer.pl\/wp-content\/uploads\/2025\/11\/Michal-Zaborowski_Outfluencer-768x1152.jpg 768w, https:\/\/outfluencer.pl\/wp-content\/uploads\/2025\/11\/Michal-Zaborowski_Outfluencer-200x300.jpg 200w, https:\/\/outfluencer.pl\/wp-content\/uploads\/2025\/11\/Michal-Zaborowski_Outfluencer-683x1024.jpg 683w, https:\/\/outfluencer.pl\/wp-content\/uploads\/2025\/11\/Michal-Zaborowski_Outfluencer-1024x1536.jpg 1024w, https:\/\/outfluencer.pl\/wp-content\/uploads\/2025\/11\/Michal-Zaborowski_Outfluencer-900x1350.jpg 900w, https:\/\/outfluencer.pl\/wp-content\/uploads\/2025\/11\/Michal-Zaborowski_Outfluencer.jpg 1200w\" sizes=\"(max-width: 768px) 100vw, 768px\" \/>\t\t\t\t\t\t\t\t\t\t\t\t\t\t\t<\/div>\n\t\t\t\t\t<\/div>\n\t\t<\/div>\n\t\t\t\t<div class=\"elementor-column elementor-col-50 elementor-inner-column elementor-element elementor-element-02b10e9\" data-id=\"02b10e9\" data-element_type=\"column\">\n\t\t\t<div class=\"elementor-widget-wrap elementor-element-populated\">\n\t\t\t\t\t\t<div class=\"elementor-element elementor-element-8c1e5c7 scrolla-element-anim-1 scroll-animate elementor-widget__width-initial elementor-widget-mobile__width-initial elementor-widget elementor-widget-text-editor\" data-id=\"8c1e5c7\" data-element_type=\"widget\" data-widget_type=\"text-editor.default\">\n\t\t\t\t\t\t\t\t\t<p>Rocznik 1994, Bydgoszczanin z urodzenia, Fordoniak z wyboru. Kocham filmy, swoj\u0105 \u017con\u0119 i swojego mopsa. Z wykszta\u0142cenia \u017cywno\u015bciowiec, z zami\u0142owania tw\u00f3rca film\u00f3w i marketingowiec. Za najwi\u0119kszy atut uwa\u017cam fakt, \u017ce nie kszta\u0142ci\u0142em si\u0119 w dziedzinie reklamy &#8211; dzi\u0119ki temu nie wiem czego si\u0119 w niej nie da, nie wolno i nie powinno. Nie korzystam z utartych schemat\u00f3w, bo zwyczajnie ich nie znam. Kina uczy\u0142em si\u0119 na salach kinowych i przed srebrnym ekranem. Nie wiem czego widzia\u0142em wi\u0119cej &#8211; film\u00f3w czy teledysk\u00f3w, ale \u0142\u0105cznie jest tego ponad dziesi\u0119\u0107 tysi\u0119cy i ci\u0105gle ro\u015bnie.<\/p><p>W social media dzia\u0142am od ponad dekady, pocz\u0105tkowo zajmuj\u0105c si\u0119 marketingiem tekstowym, z czasem wizualnym i bezpo\u015brednim. Obecnie pracuj\u0119 zawodowo w \u015brodowisku <strong>Apple<\/strong>, sprz\u0119towo znam dobrze tak\u017ce rozwi\u0105zania <strong>Sony<\/strong> i <strong>Blackmagic<\/strong>. Nie jest mi obcy \u015bwiat analogowej fotografii. W pracy korzystam ze \u015brodowiska <strong>Adobe<\/strong>, a od niedawna tak\u017ce poznaje <strong>DaVinci Resolve<\/strong>.\u00a0<\/p>\t\t\t\t\t\t\t\t<\/div>\n\t\t\t\t\t<\/div>\n\t\t<\/div>\n\t\t\t\t\t<\/div>\n\t\t<\/section>\n\t\t\t\t<div class=\"elementor-element elementor-element-14569c3 elementor-widget elementor-widget-oblo-services\" data-id=\"14569c3\" data-element_type=\"widget\" data-widget_type=\"oblo-services.default\">\n\t\t\t\t<div class=\"elementor-widget-container\">\n\t\t\t\t\t\n\t\t<!-- Section Services -->\n\t\t<div class=\"section section-inner m-services\">\n\t\t\t<div class=\"container\">\n\t\t\t\t<div class=\"row\">\n\n\t\t\t\t\t\t\t\t\t\t<div class=\"col-xs-12 col-sm-12 col-md-12 align-left col-lg-12\">\n\n\t\t\t\t\t\t<!-- titles -->\n\t\t\t\t\t\t<div class=\"m-titles\">\n\t\t\t\t\t\t\t\t\t\t\t\t\t\t<div class=\"m-title scrolla-element-anim-1 scroll-animate\" data-animate=\"active\">\n\t\t\t\t\t\t\t\t<span >\n\t\t\t\t\t\t\t\t\tCO MOG\u0118 CI ZAOFEROWA\u0106\t\t\t\t\t\t\t\t<\/span>\n\t\t\t\t\t\t\t<\/div>\n\t\t\t\t\t\t\t\t\t\t\t\t\t\t\t\t\t\t\t\t<\/div>\n\n\t\t\t\t\t<\/div>\n\t\t\t\t\t\n\t\t\t\t\t\t\t\t\t\t<div class=\"col-xs-12 col-sm-12 col-md-12 col-lg-12\">\n\n\t\t\t\t\t\t<!-- services -->\n\t\t\t\t\t\t<div class=\"services-items row\">\n\n\t\t\t\t\t\t\t\n\t\t\t\t\t\t\t<div class=\"services-col col-xs-12 col-sm-6 col-md-6 col-lg-4\">\n\t\t\t\t\t\t\t\t<div class=\"services-item scrolla-element-anim-1 scroll-animate\" data-animate=\"active\">\n\t\t\t\t\t\t\t\t\t\t\t\t\t\t\t\t\t\t<div class=\"icon\">\n\t\t\t\t\t\t\t\t\t\t<svg aria-hidden=\"true\" class=\"e-font-icon-svg e-fas-film\" viewBox=\"0 0 512 512\" xmlns=\"http:\/\/www.w3.org\/2000\/svg\"><path d=\"M488 64h-8v20c0 6.6-5.4 12-12 12h-40c-6.6 0-12-5.4-12-12V64H96v20c0 6.6-5.4 12-12 12H44c-6.6 0-12-5.4-12-12V64h-8C10.7 64 0 74.7 0 88v336c0 13.3 10.7 24 24 24h8v-20c0-6.6 5.4-12 12-12h40c6.6 0 12 5.4 12 12v20h320v-20c0-6.6 5.4-12 12-12h40c6.6 0 12 5.4 12 12v20h8c13.3 0 24-10.7 24-24V88c0-13.3-10.7-24-24-24zM96 372c0 6.6-5.4 12-12 12H44c-6.6 0-12-5.4-12-12v-40c0-6.6 5.4-12 12-12h40c6.6 0 12 5.4 12 12v40zm0-96c0 6.6-5.4 12-12 12H44c-6.6 0-12-5.4-12-12v-40c0-6.6 5.4-12 12-12h40c6.6 0 12 5.4 12 12v40zm0-96c0 6.6-5.4 12-12 12H44c-6.6 0-12-5.4-12-12v-40c0-6.6 5.4-12 12-12h40c6.6 0 12 5.4 12 12v40zm272 208c0 6.6-5.4 12-12 12H156c-6.6 0-12-5.4-12-12v-96c0-6.6 5.4-12 12-12h200c6.6 0 12 5.4 12 12v96zm0-168c0 6.6-5.4 12-12 12H156c-6.6 0-12-5.4-12-12v-96c0-6.6 5.4-12 12-12h200c6.6 0 12 5.4 12 12v96zm112 152c0 6.6-5.4 12-12 12h-40c-6.6 0-12-5.4-12-12v-40c0-6.6 5.4-12 12-12h40c6.6 0 12 5.4 12 12v40zm0-96c0 6.6-5.4 12-12 12h-40c-6.6 0-12-5.4-12-12v-40c0-6.6 5.4-12 12-12h40c6.6 0 12 5.4 12 12v40zm0-96c0 6.6-5.4 12-12 12h-40c-6.6 0-12-5.4-12-12v-40c0-6.6 5.4-12 12-12h40c6.6 0 12 5.4 12 12v40z\"><\/path><\/svg>\t\t\t\t\t\t\t\t\t<\/div>\n\t\t\t\t\t\t\t\t\t\t\t\t\t\t\t\t\t\t\t\t\t\t\t\t\t\t\t<div class=\"name\">\n\t\t\t\t\t\t\t\t\t\t<span >\n\t\t\t\t\t\t\t\t\t\t\tVideo\t\t\t\t\t\t\t\t\t\t<\/span>\n\t\t\t\t\t\t\t\t\t<\/div>\n\t\t\t\t\t\t\t\t\t\t\t\t\t\t\t\t\t\t\t\t\t\t\t\t\t\t\t<div class=\"text\">\n\t\t\t\t\t\t\t\t\t\t<div >\n\t\t\t\t\t\t\t\t\t\t\t<p>Realizacja filmowa wszystkich form, w tym teledysk\u00f3w, podcast\u00f3w i reklam w nowych mediach. Re\u017cyseria, scenariusze, kamera, monta\u017c oraz postprodukcja, a tak\u017ce rozmaite aktorstwo.<\/p>\t\t\t\t\t\t\t\t\t\t<\/div>\n\t\t\t\t\t\t\t\t\t<\/div>\n\t\t\t\t\t\t\t\t\t\t\t\t\t\t\t\t\t<\/div>\n\t\t\t\t\t\t\t<\/div>\n\n\t\t\t\t\t\t\t\n\t\t\t\t\t\t\t<div class=\"services-col col-xs-12 col-sm-6 col-md-6 col-lg-4\">\n\t\t\t\t\t\t\t\t<div class=\"services-item scrolla-element-anim-1 scroll-animate\" data-animate=\"active\">\n\t\t\t\t\t\t\t\t\t\t\t\t\t\t\t\t\t\t<div class=\"icon\">\n\t\t\t\t\t\t\t\t\t\t<svg aria-hidden=\"true\" class=\"e-font-icon-svg e-fas-pencil-alt\" viewBox=\"0 0 512 512\" xmlns=\"http:\/\/www.w3.org\/2000\/svg\"><path d=\"M497.9 142.1l-46.1 46.1c-4.7 4.7-12.3 4.7-17 0l-111-111c-4.7-4.7-4.7-12.3 0-17l46.1-46.1c18.7-18.7 49.1-18.7 67.9 0l60.1 60.1c18.8 18.7 18.8 49.1 0 67.9zM284.2 99.8L21.6 362.4.4 483.9c-2.9 16.4 11.4 30.6 27.8 27.8l121.5-21.3 262.6-262.6c4.7-4.7 4.7-12.3 0-17l-111-111c-4.8-4.7-12.4-4.7-17.1 0zM124.1 339.9c-5.5-5.5-5.5-14.3 0-19.8l154-154c5.5-5.5 14.3-5.5 19.8 0s5.5 14.3 0 19.8l-154 154c-5.5 5.5-14.3 5.5-19.8 0zM88 424h48v36.3l-64.5 11.3-31.1-31.1L51.7 376H88v48z\"><\/path><\/svg>\t\t\t\t\t\t\t\t\t<\/div>\n\t\t\t\t\t\t\t\t\t\t\t\t\t\t\t\t\t\t\t\t\t\t\t\t\t\t\t<div class=\"name\">\n\t\t\t\t\t\t\t\t\t\t<span >\n\t\t\t\t\t\t\t\t\t\t\tCopywriting\t\t\t\t\t\t\t\t\t\t<\/span>\n\t\t\t\t\t\t\t\t\t<\/div>\n\t\t\t\t\t\t\t\t\t\t\t\t\t\t\t\t\t\t\t\t\t\t\t\t\t\t\t<div class=\"text\">\n\t\t\t\t\t\t\t\t\t\t<div >\n\t\t\t\t\t\t\t\t\t\t\t<p>Tworzenie tre\u015bci tekstowych bez u\u017cycia AI, od artyku\u0142\u00f3w sponsorowanych, slogan\u00f3w i reklam, po formy literackie. Pisanie tekst\u00f3w do utwor\u00f3w muzycznych oraz scenicznych oraz ghostwriting.<\/p>\t\t\t\t\t\t\t\t\t\t<\/div>\n\t\t\t\t\t\t\t\t\t<\/div>\n\t\t\t\t\t\t\t\t\t\t\t\t\t\t\t\t\t<\/div>\n\t\t\t\t\t\t\t<\/div>\n\n\t\t\t\t\t\t\t\n\t\t\t\t\t\t\t<div class=\"services-col col-xs-12 col-sm-6 col-md-6 col-lg-4\">\n\t\t\t\t\t\t\t\t<div class=\"services-item scrolla-element-anim-1 scroll-animate\" data-animate=\"active\">\n\t\t\t\t\t\t\t\t\t\t\t\t\t\t\t\t\t\t<div class=\"icon\">\n\t\t\t\t\t\t\t\t\t\t<svg aria-hidden=\"true\" class=\"e-font-icon-svg e-fas-paper-plane\" viewBox=\"0 0 512 512\" xmlns=\"http:\/\/www.w3.org\/2000\/svg\"><path d=\"M476 3.2L12.5 270.6c-18.1 10.4-15.8 35.6 2.2 43.2L121 358.4l287.3-253.2c5.5-4.9 13.3 2.6 8.6 8.3L176 407v80.5c0 23.6 28.5 32.9 42.5 15.8L282 426l124.6 52.2c14.2 6 30.4-2.9 33-18.2l72-432C515 7.8 493.3-6.8 476 3.2z\"><\/path><\/svg>\t\t\t\t\t\t\t\t\t<\/div>\n\t\t\t\t\t\t\t\t\t\t\t\t\t\t\t\t\t\t\t\t\t\t\t\t\t\t\t<div class=\"name\">\n\t\t\t\t\t\t\t\t\t\t<span >\n\t\t\t\t\t\t\t\t\t\t\tMarketing kreatywny\t\t\t\t\t\t\t\t\t\t<\/span>\n\t\t\t\t\t\t\t\t\t<\/div>\n\t\t\t\t\t\t\t\t\t\t\t\t\t\t\t\t\t\t\t\t\t\t\t\t\t\t\t<div class=\"text\">\n\t\t\t\t\t\t\t\t\t\t<div >\n\t\t\t\t\t\t\t\t\t\t\t<p>Opracowanie wizerunku marek, tworzenie koncept\u00f3w kampanii reklamowych. Dob\u00f3r niestandardowych rozwi\u0105za\u0144, jak i wykorzystanie RTM oraz aktualnych trend\u00f3w.<\/p>\t\t\t\t\t\t\t\t\t\t<\/div>\n\t\t\t\t\t\t\t\t\t<\/div>\n\t\t\t\t\t\t\t\t\t\t\t\t\t\t\t\t\t<\/div>\n\t\t\t\t\t\t\t<\/div>\n\n\t\t\t\t\t\t\t\n\t\t\t\t\t\t\t<div class=\"services-col col-xs-12 col-sm-6 col-md-6 col-lg-4\">\n\t\t\t\t\t\t\t\t<div class=\"services-item scrolla-element-anim-1 scroll-animate\" data-animate=\"active\">\n\t\t\t\t\t\t\t\t\t\t\t\t\t\t\t\t\t\t<div class=\"icon\">\n\t\t\t\t\t\t\t\t\t\t<svg aria-hidden=\"true\" class=\"e-font-icon-svg e-fas-comment\" viewBox=\"0 0 512 512\" xmlns=\"http:\/\/www.w3.org\/2000\/svg\"><path d=\"M256 32C114.6 32 0 125.1 0 240c0 49.6 21.4 95 57 130.7C44.5 421.1 2.7 466 2.2 466.5c-2.2 2.3-2.8 5.7-1.5 8.7S4.8 480 8 480c66.3 0 116-31.8 140.6-51.4 32.7 12.3 69 19.4 107.4 19.4 141.4 0 256-93.1 256-208S397.4 32 256 32z\"><\/path><\/svg>\t\t\t\t\t\t\t\t\t<\/div>\n\t\t\t\t\t\t\t\t\t\t\t\t\t\t\t\t\t\t\t\t\t\t\t\t\t\t\t<div class=\"name\">\n\t\t\t\t\t\t\t\t\t\t<span >\n\t\t\t\t\t\t\t\t\t\t\tGadaj\u0105ca g\u0142owa\t\t\t\t\t\t\t\t\t\t<\/span>\n\t\t\t\t\t\t\t\t\t<\/div>\n\t\t\t\t\t\t\t\t\t\t\t\t\t\t\t\t\t\t\t\t\t\t\t\t\t\t\t<div class=\"text\">\n\t\t\t\t\t\t\t\t\t\t<div >\n\t\t\t\t\t\t\t\t\t\t\t<p>Prowadzenie warsztat\u00f3w, wyk\u0142ad\u00f3w, prelekcji, wywiad\u00f3w, podcast\u00f3w, a nawet okazjonalny stand-up. Wszystko poparte wieloletnim, w tym akademickim, do\u015bwiadczeniem.<\/p>\t\t\t\t\t\t\t\t\t\t<\/div>\n\t\t\t\t\t\t\t\t\t<\/div>\n\t\t\t\t\t\t\t\t\t\t\t\t\t\t\t\t\t<\/div>\n\t\t\t\t\t\t\t<\/div>\n\n\t\t\t\t\t\t\t\n\t\t\t\t\t\t\t<div class=\"services-col col-xs-12 col-sm-6 col-md-6 col-lg-4\">\n\t\t\t\t\t\t\t\t<div class=\"services-item scrolla-element-anim-1 scroll-animate\" data-animate=\"active\">\n\t\t\t\t\t\t\t\t\t\t\t\t\t\t\t\t\t\t<div class=\"icon\">\n\t\t\t\t\t\t\t\t\t\t<svg aria-hidden=\"true\" class=\"e-font-icon-svg e-fas-robot\" viewBox=\"0 0 640 512\" xmlns=\"http:\/\/www.w3.org\/2000\/svg\"><path d=\"M32,224H64V416H32A31.96166,31.96166,0,0,1,0,384V256A31.96166,31.96166,0,0,1,32,224Zm512-48V448a64.06328,64.06328,0,0,1-64,64H160a64.06328,64.06328,0,0,1-64-64V176a79.974,79.974,0,0,1,80-80H288V32a32,32,0,0,1,64,0V96H464A79.974,79.974,0,0,1,544,176ZM264,256a40,40,0,1,0-40,40A39.997,39.997,0,0,0,264,256Zm-8,128H192v32h64Zm96,0H288v32h64ZM456,256a40,40,0,1,0-40,40A39.997,39.997,0,0,0,456,256Zm-8,128H384v32h64ZM640,256V384a31.96166,31.96166,0,0,1-32,32H576V224h32A31.96166,31.96166,0,0,1,640,256Z\"><\/path><\/svg>\t\t\t\t\t\t\t\t\t<\/div>\n\t\t\t\t\t\t\t\t\t\t\t\t\t\t\t\t\t\t\t\t\t\t\t\t\t\t\t<div class=\"name\">\n\t\t\t\t\t\t\t\t\t\t<span >\n\t\t\t\t\t\t\t\t\t\t\tAI w praktyce\t\t\t\t\t\t\t\t\t\t<\/span>\n\t\t\t\t\t\t\t\t\t<\/div>\n\t\t\t\t\t\t\t\t\t\t\t\t\t\t\t\t\t\t\t\t\t\t\t\t\t\t\t<div class=\"text\">\n\t\t\t\t\t\t\t\t\t\t<div >\n\t\t\t\t\t\t\t\t\t\t\tNie boje si\u0119 korzysta\u0107 ze sztucznej inteligencji, kiedy to potrzebne. Zawsze jednak robi\u0119 to z g\u0142ow\u0105, szacunkiem do artyst\u00f3w i jak najbardziej etycznie. AI slop - tego u mnie nie u\u015bwiadczysz.\t\t\t\t\t\t\t\t\t\t<\/div>\n\t\t\t\t\t\t\t\t\t<\/div>\n\t\t\t\t\t\t\t\t\t\t\t\t\t\t\t\t\t<\/div>\n\t\t\t\t\t\t\t<\/div>\n\n\t\t\t\t\t\t\t\n\t\t\t\t\t\t<\/div>\n\n\t\t\t\t\t<\/div>\n\t\t\t\t\t\n\t\t\t\t<\/div>\n\t\t\t<\/div>\n\t\t<\/div>\n\n\t\t\t\t\t\t<\/div>\n\t\t\t\t<\/div>\n\t\t\t\t\t<\/div>\n\t\t<\/div>\n\t\t\t\t\t<\/div>\n\t\t<\/section>\n\t\t\t\t<\/div>\n\t\t","protected":false},"excerpt":{"rendered":"<p>O MNIE MICHA\u0141 ZABOROWSKI KIM JEST OUTFLUENCER \u00a0Kiedy w 2019 dzia\u0142a\u0142em w reklamie bran\u017cy spo\u017cywczej, stworzy\u0142em okre\u015blenie outfluencera\u00a0jako kontr\u0119 do klasycznych influencer\u00f3w. Zgodnie z przedrostkiem, idea zak\u0142ada\u0142a wychodzenie &#8211; do ludzi, by skutecznie dociera\u0107 do odbiorc\u00f3w i poza schematy, by robi\u0107 to nieszablonowo, zaskakuj\u0105co&#8230; <\/p>\n<div class=\"readmore\"><a href=\"https:\/\/outfluencer.pl\/index.php\/about-one\/\" class=\"btn-link\">Read more<\/a><\/div>\n","protected":false},"author":1,"featured_media":0,"parent":0,"menu_order":0,"comment_status":"closed","ping_status":"closed","template":"template-layout-builder.php","meta":{"_acf_changed":false,"footnotes":""},"class_list":["post-1852","page","type-page","status-publish","hentry"],"acf":[],"_links":{"self":[{"href":"https:\/\/outfluencer.pl\/index.php\/wp-json\/wp\/v2\/pages\/1852","targetHints":{"allow":["GET"]}}],"collection":[{"href":"https:\/\/outfluencer.pl\/index.php\/wp-json\/wp\/v2\/pages"}],"about":[{"href":"https:\/\/outfluencer.pl\/index.php\/wp-json\/wp\/v2\/types\/page"}],"author":[{"embeddable":true,"href":"https:\/\/outfluencer.pl\/index.php\/wp-json\/wp\/v2\/users\/1"}],"replies":[{"embeddable":true,"href":"https:\/\/outfluencer.pl\/index.php\/wp-json\/wp\/v2\/comments?post=1852"}],"version-history":[{"count":37,"href":"https:\/\/outfluencer.pl\/index.php\/wp-json\/wp\/v2\/pages\/1852\/revisions"}],"predecessor-version":[{"id":2546,"href":"https:\/\/outfluencer.pl\/index.php\/wp-json\/wp\/v2\/pages\/1852\/revisions\/2546"}],"wp:attachment":[{"href":"https:\/\/outfluencer.pl\/index.php\/wp-json\/wp\/v2\/media?parent=1852"}],"curies":[{"name":"wp","href":"https:\/\/api.w.org\/{rel}","templated":true}]}}