{"id":2315,"date":"2021-02-27T22:09:34","date_gmt":"2021-02-27T22:09:34","guid":{"rendered":"https:\/\/oblo-demo.bslthemes.com\/?page_id=260"},"modified":"2025-11-14T23:38:49","modified_gmt":"2025-11-14T22:38:49","slug":"contact-three","status":"publish","type":"page","link":"https:\/\/outfluencer.pl\/index.php\/contact-three\/","title":{"rendered":"Kontakt"},"content":{"rendered":"\t\t<div data-elementor-type=\"wp-page\" data-elementor-id=\"2315\" class=\"elementor elementor-2315\">\n\t\t\t\t\t\t<section class=\"elementor-section elementor-top-section elementor-element elementor-element-79f078f elementor-section-full_width elementor-section-height-default elementor-section-height-default\" data-id=\"79f078f\" data-element_type=\"section\">\n\t\t\t\t\t\t<div class=\"elementor-container elementor-column-gap-no\">\n\t\t\t\t\t<div class=\"elementor-column elementor-col-100 elementor-top-column elementor-element elementor-element-4ae06cc\" data-id=\"4ae06cc\" data-element_type=\"column\">\n\t\t\t<div class=\"elementor-widget-wrap elementor-element-populated\">\n\t\t\t\t\t\t<div class=\"elementor-element elementor-element-ce93506 elementor-widget elementor-widget-oblo-hero-image-2\" data-id=\"ce93506\" data-element_type=\"widget\" data-widget_type=\"oblo-hero-image-2.default\">\n\t\t\t\t<div class=\"elementor-widget-container\">\n\t\t\t\t\t\n\t\t<!-- Section Contacts Started -->\n\t\t<div class=\"section hero-started contacts-started\" data-dispimgpath=\"https:\/\/outfluencer.pl\/wp-content\/themes\/oblo\/assets\/images\/pointilize.jpg\">\n\t\t\t<div class=\"hero-started__shadow\"><\/div>\n\t\t\t\t\t\t<!-- slide -->\n\t\t\t<div class=\"slide\"><img decoding=\"async\" src=\"https:\/\/outfluencer.pl\/wp-content\/uploads\/2025\/11\/outfluencer_o_mnie-1800x1080.jpg\" class=\"started-item__image\" alt=\"\" \/><\/div>\n\t\t\t<div class=\"canvas started-items__image\"><\/div>\n\t\t\t\n\t\t\t<div class=\"container\">\n\n\t\t\t\t<!-- titles -->\n\t\t\t\t<div class=\"h-titles\">\n\t\t\t\t\t\t\t\t\t\t\t\t\t\t\t<div class=\"h-title splitting-text-anim-2 scroll-animate\" data-splitting=\"chars\" data-animate=\"active\">\n\t\t\t\t\t\t<span >\n\t\t\t\t\t\t\tB\u0105d\u017amy w kontakcie\t\t\t\t\t\t<\/span>\n\t\t\t\t\t<\/div>\n\t\t\t\t\t\t\t\t\t\t\t\t\t\t\t<div class=\"c-list scrolla-element-anim-1 scroll-animate\" data-animate=\"active\">\n\t\t\t\t\t\t<div >\n\t\t\t\t\t\t\t<p><strong>Micha\u0142 Zaborowski<\/strong><br \/><strong>Bydgoszcz, kujawsko-pomorskie<\/strong><\/p><ul><li><strong>Email:<\/strong> <a href=\"mailto:wspolpraca@outfluencer.pl\">wspolpraca@outfluencer.pl<\/a><\/li><\/ul>\t\t\t\t\t\t<\/div>\n\t\t\t\t\t<\/div>\n\t\t\t\t\t\t\t\t\t<\/div>\n\n\t\t\t<\/div>\n\n\t\t<\/div>\n\n\t\t\t\t\t\t<\/div>\n\t\t\t\t<\/div>\n\t\t\t\t\t<\/div>\n\t\t<\/div>\n\t\t\t\t\t<\/div>\n\t\t<\/section>\n\t\t\t\t<section class=\"elementor-section elementor-top-section elementor-element elementor-element-e61f662 elementor-section-full_width elementor-section-height-default elementor-section-height-default\" data-id=\"e61f662\" data-element_type=\"section\">\n\t\t\t\t\t\t<div class=\"elementor-container elementor-column-gap-no\">\n\t\t\t\t\t<div class=\"elementor-column elementor-col-100 elementor-top-column elementor-element elementor-element-7ef4cd4\" data-id=\"7ef4cd4\" data-element_type=\"column\">\n\t\t\t<div class=\"elementor-widget-wrap elementor-element-populated\">\n\t\t\t\t\t\t<div class=\"elementor-element elementor-element-523a891 elementor-widget elementor-widget-oblo-cf7-form\" data-id=\"523a891\" data-element_type=\"widget\" data-widget_type=\"oblo-cf7-form.default\">\n\t\t\t\t<div class=\"elementor-widget-container\">\n\t\t\t\t\t\n\t\t<!-- Section Contacts Form -->\n\t\t<div class=\"section section-inner m-contacts-form\">\n\t\t\t<div class=\"container\">\n\t\t\t\t\t\t\t\t<!-- titles -->\n\t\t\t\t<div class=\"m-titles\">\n\t\t\t\t\t\t\t\t\t\t\t\t\t\t\t<div class=\"m-title scrolla-element-anim-1 scroll-animate\" data-animate=\"active\">\n\t\t\t\t\t\t<span >\n\t\t\t\t\t\t\tNapisz do mnie:\t\t\t\t\t\t<\/span>\n\t\t\t\t\t<\/div>\n\t\t\t\t\t\t\t\t\t\t\t\t\t\t\t<div class=\"m-text scrolla-element-anim-1 scroll-animate\" data-animate=\"active\">\n\t\t\t\t\t\t<div >\n\t\t\t\t\t\t\t<p>Masz pytania? Chesz dowiedzie\u0107 si\u0119 wi\u0119cej? Skorzystaj z formularza kontaktowego!<\/p>\t\t\t\t\t\t<\/div>\n\t\t\t\t\t<\/div>\n\t\t\t\t\t\t\t\t\t<\/div>\n\t\t\t\t\n\t\t\t\t\t\t\t\t<!-- contact form -->\n\t\t\t\t<div class=\"row\">\n\t\t\t\t\t<div class=\"col-xs-12 col-sm-12 col-md-12 col-lg-6\">\n\t\t\t\t\t\t<div class=\"contacts-form\">\n\t\t\t\t\t\t\t\n<div class=\"wpcf7 no-js\" id=\"wpcf7-f914-o1\" lang=\"en-US\" dir=\"ltr\" data-wpcf7-id=\"914\">\n<div class=\"screen-reader-response\"><p role=\"status\" aria-live=\"polite\" aria-atomic=\"true\"><\/p> <ul><\/ul><\/div>\n<form action=\"\/index.php\/wp-json\/wp\/v2\/pages\/2315#wpcf7-f914-o1\" method=\"post\" class=\"wpcf7-form init\" aria-label=\"Contact form\" novalidate=\"novalidate\" data-status=\"init\">\n<fieldset class=\"hidden-fields-container\"><input type=\"hidden\" name=\"_wpcf7\" value=\"914\" \/><input type=\"hidden\" name=\"_wpcf7_version\" value=\"6.1.3\" \/><input type=\"hidden\" name=\"_wpcf7_locale\" value=\"en_US\" \/><input type=\"hidden\" name=\"_wpcf7_unit_tag\" value=\"wpcf7-f914-o1\" \/><input type=\"hidden\" name=\"_wpcf7_container_post\" value=\"0\" \/><input type=\"hidden\" name=\"_wpcf7_posted_data_hash\" value=\"\" \/>\n<\/fieldset>\n<div class=\"group\">\n\t<div class=\"label splitting-text-anim-1 scroll-animate\" data-splitting=\"chars\" data-animate=\"active\">Imi\u0119 i nazwisko<\/div>\n\t<div class=\"value scrolla-element-anim-1 scroll-animate\" data-animate=\"active\">\n\t\t<span class=\"wpcf7-form-control-wrap\" data-name=\"your-name\"><input size=\"40\" maxlength=\"400\" class=\"wpcf7-form-control wpcf7-text wpcf7-validates-as-required\" aria-required=\"true\" aria-invalid=\"false\" value=\"\" type=\"text\" name=\"your-name\" \/><\/span>\n\t<\/div>\n<\/div>\n<div class=\"group\">\n\t<div class=\"label splitting-text-anim-1 scroll-animate\" data-splitting=\"chars\" data-animate=\"active\">Adres email<\/div>\n\t<div class=\"value scrolla-element-anim-1 scroll-animate\" data-animate=\"active\">\n\t\t<span class=\"wpcf7-form-control-wrap\" data-name=\"your-email\"><input size=\"40\" maxlength=\"400\" class=\"wpcf7-form-control wpcf7-email wpcf7-validates-as-required wpcf7-text wpcf7-validates-as-email\" aria-required=\"true\" aria-invalid=\"false\" value=\"\" type=\"email\" name=\"your-email\" \/><\/span>\n\t<\/div>\n<\/div>\n<div class=\"group\">\n\t<div class=\"label splitting-text-anim-1 scroll-animate\" data-splitting=\"chars\" data-animate=\"active\">Wiadomo\u015b\u0107<\/div>\n\t<div class=\"value scrolla-element-anim-1 scroll-animate\" data-animate=\"active\">\n\t\t<span class=\"wpcf7-form-control-wrap\" data-name=\"your-message\"><textarea cols=\"40\" rows=\"10\" maxlength=\"2000\" class=\"wpcf7-form-control wpcf7-textarea wpcf7-validates-as-required\" aria-required=\"true\" aria-invalid=\"false\" name=\"your-message\"><\/textarea><\/span>\n\t<\/div>\n<\/div>\n<div class=\"submit scrolla-element-anim-1 scroll-animate\" data-animate=\"active\">\n\t<button type=\"submit\" class=\"btn\">Wy\u015blij<\/button>\n<\/div><div class=\"wpcf7-response-output\" aria-hidden=\"true\"><\/div>\n<\/form>\n<\/div>\n\t\t\t\t\t\t<\/div>\n\t\t\t\t\t<\/div>\n\t\t\t\t<\/div>\n\t\t\t\t\t\t\t<\/div>\n\t\t<\/div>\n\n\t\t\t\t\t\t<\/div>\n\t\t\t\t<\/div>\n\t\t\t\t\t<\/div>\n\t\t<\/div>\n\t\t\t\t\t<\/div>\n\t\t<\/section>\n\t\t\t\t<\/div>\n\t\t","protected":false},"excerpt":{"rendered":"<p>B\u0105d\u017amy w kontakcie Micha\u0142 ZaborowskiBydgoszcz, kujawsko-pomorskie Email: wspolpraca@outfluencer.pl Napisz do mnie: Masz pytania? Chesz dowiedzie\u0107 si\u0119 wi\u0119cej? Skorzystaj z formularza kontaktowego! Imi\u0119 i nazwisko Adres email Wiadomo\u015b\u0107 Wy\u015blij<\/p>\n","protected":false},"author":1,"featured_media":0,"parent":0,"menu_order":0,"comment_status":"closed","ping_status":"closed","template":"template-layout-builder.php","meta":{"_acf_changed":false,"footnotes":""},"class_list":["post-2315","page","type-page","status-publish","hentry"],"acf":[],"_links":{"self":[{"href":"https:\/\/outfluencer.pl\/index.php\/wp-json\/wp\/v2\/pages\/2315","targetHints":{"allow":["GET"]}}],"collection":[{"href":"https:\/\/outfluencer.pl\/index.php\/wp-json\/wp\/v2\/pages"}],"about":[{"href":"https:\/\/outfluencer.pl\/index.php\/wp-json\/wp\/v2\/types\/page"}],"author":[{"embeddable":true,"href":"https:\/\/outfluencer.pl\/index.php\/wp-json\/wp\/v2\/users\/1"}],"replies":[{"embeddable":true,"href":"https:\/\/outfluencer.pl\/index.php\/wp-json\/wp\/v2\/comments?post=2315"}],"version-history":[{"count":15,"href":"https:\/\/outfluencer.pl\/index.php\/wp-json\/wp\/v2\/pages\/2315\/revisions"}],"predecessor-version":[{"id":2524,"href":"https:\/\/outfluencer.pl\/index.php\/wp-json\/wp\/v2\/pages\/2315\/revisions\/2524"}],"wp:attachment":[{"href":"https:\/\/outfluencer.pl\/index.php\/wp-json\/wp\/v2\/media?parent=2315"}],"curies":[{"name":"wp","href":"https:\/\/api.w.org\/{rel}","templated":true}]}}